{"id":21772,"date":"2023-10-26T12:45:31","date_gmt":"2023-10-26T12:45:31","guid":{"rendered":"http:\/\/alg.ee\/?page_id=21772"},"modified":"2023-10-26T13:48:26","modified_gmt":"2023-10-26T13:48:26","slug":"privaatsuspoliitika","status":"publish","type":"page","link":"https:\/\/alg.ee\/en\/privaatsuspoliitika\/","title":{"rendered":"PRIVAATSUSPOLIITIKA"},"content":{"rendered":"\t\t<div data-elementor-type=\"wp-page\" data-elementor-id=\"21772\" class=\"elementor elementor-21772\">\n\t\t\t\t\t\t<section class=\"elementor-section elementor-top-section elementor-element elementor-element-f4bd075 elementor-section-boxed elementor-section-height-default elementor-section-height-default rt-parallax-bg-no\" data-id=\"f4bd075\" data-element_type=\"section\">\n\t\t\t\t\t\t<div class=\"elementor-container elementor-column-gap-default\">\n\t\t\t\t\t<div class=\"elementor-column elementor-col-100 elementor-top-column elementor-element elementor-element-117744e\" data-id=\"117744e\" data-element_type=\"column\">\n\t\t\t<div class=\"elementor-widget-wrap elementor-element-populated\">\n\t\t\t\t\t\t<div class=\"elementor-element elementor-element-2a49e8a privacy_policy elementor-widget elementor-widget-text-editor\" data-id=\"2a49e8a\" data-element_type=\"widget\" data-widget_type=\"text-editor.default\">\n\t\t\t\t<div class=\"elementor-widget-container\">\n\t\t\t\t\t\t\t<p><strong>Isikuandmete t\u00f6\u00f6tlemise \u00fcldtingimused <\/strong><\/p>\n<ul>\n    <ol><strong>1. \u00dclds\u00e4tted<\/strong> <\/ol>\n<\/ul>\n<p>K\u00e4esolevad isikuandmete t\u00f6\u00f6tlemise \u00fcldtingimused on kehtestanud ALG Liisingu AS. Klientide parimaks teenindamiseks ja\n    k\u00f5igi lepinguliste suhete korrektse t\u00e4itmiseks kogub ja s\u00e4ilitab ALG Liisingu AS klientide ja ALG Liisingu AS\u2019ga\n    suhtlevate teiste isikute andmed allj\u00e4rgnevate p\u00f5him\u00f5tete j\u00e4rgi. <\/p>\n<ul>\n    <ol><strong>2. Peamised m\u00f5isted<\/strong>\n        <ul>\n            <ol>2.1. \u201eisikuandmed\u201c \u2013 igasugune teave tuvastatud v\u00f5i tuvastatava f\u00fc\u00fcsilise isiku (\u201eandmesubjekti\u201c) kohta;\n                tuvastatav f\u00fc\u00fcsiline isik on isik, keda saab otseselt v\u00f5i kaudselt tuvastada, eelk\u00f5ige sellise\n                identifitseerimistunnuse p\u00f5hjal nagu nimi, isikukood, asukohateave, v\u00f5rguidentifikaator v\u00f5i selle\n                f\u00fc\u00fcsilise isiku \u00fche v\u00f5i mitme f\u00fc\u00fcsilise, f\u00fcsioloogilise, geneetilise, vaimse, majandusliku, kultuurilise\n                v\u00f5i sotsiaalse tunnuse p\u00f5hjal; <\/ol>\n            <ol>2.2. \u201eisikuandmete t\u00f6\u00f6tlemine\u201c \u2013 isikuandmete v\u00f5i nende kogumitega tehtav automatiseeritud v\u00f5i\n                automatiseerimata toiming v\u00f5i toimingute kogum, nagu kogumine, dokumenteerimine, korrastamine,\n                struktureerimine, s\u00e4ilitamine, kohandamine ja muutmine, p\u00e4ringute tegemine, lugemine, kasutamine,\n                edastamise, levitamise v\u00f5i muul moel k\u00e4ttesaadavaks tegemise teel avalikustamine, \u00fchitamine v\u00f5i\n                \u00fchendamine, piiramine, kustutamine v\u00f5i h\u00e4vitamine; <\/ol>\n            <ol>2.3. \u201evastutav t\u00f6\u00f6tleja\u201c \u2013 f\u00fc\u00fcsiline v\u00f5i juriidiline isik, avaliku sektori asutus, amet v\u00f5i muu organ,\n                kes \u00fcksi v\u00f5i koos teistega m\u00e4\u00e4rab kindlaks isikuandmete t\u00f6\u00f6tlemise eesm\u00e4rgid ja vahendid; kui sellise\n                t\u00f6\u00f6tlemise eesm\u00e4rgid ja vahendid on kindlaks m\u00e4\u00e4ratud liidu v\u00f5i liikmesriigi \u00f5igusega, v\u00f5ib vastutava\n                t\u00f6\u00f6tleja v\u00f5i tema m\u00e4\u00e4ramise konkreetsed kriteeriumid s\u00e4testada liidu v\u00f5i liikmesriigi \u00f5iguses; <\/ol>\n            <ol>2.4. \u201ekolmas isik\u201c \u2013 f\u00fc\u00fcsiline v\u00f5i juriidiline isik, avaliku sektori asutus, amet v\u00f5i organ, v\u00e4lja\n                arvatud andmesubjekt, vastutav t\u00f6\u00f6tleja, volitatud t\u00f6\u00f6tleja ja isikud, kes v\u00f5ivad isikuandmeid t\u00f6\u00f6delda\n                vastutava t\u00f6\u00f6tleja v\u00f5i volitatud t\u00f6\u00f6tleja otseses alluvuses; <\/ol>\n            <ol>2.5. andmesubjekti \u201en\u00f5usolek\u201c \u2013 vabatahtlik, konkreetne, teadlik ja \u00fchem\u00f5tteline tahteavaldus, millega\n                andmesubjekt kas avalduse vormis v\u00f5i selge n\u00f5usolekut v\u00e4ljendava tegevusega n\u00f5ustub tema kohta k\u00e4ivate\n                isikuandmete t\u00f6\u00f6tlemisega; <\/ol>\n        <\/ul>\n    <\/ol>\n    <ol><strong>3. Isikuandmete t\u00f6\u00f6tlemise ja s\u00e4ilitamise p\u00f5him\u00f5tted<\/strong>\n        <ul>\n            <ol>3.1. Vastutav t\u00f6\u00f6tleja on ALG Liisingu AS (10308153), Pirita tee 20\/2, 12011 Tallinn, Eesti. <\/ol>\n            <ol>3.2. ALG Liisingu AS j\u00e4rgib oma tegevuses isikuandmete kaitse ning konfidentsiaalse info saladuses\n                hoidmise p\u00f5him\u00f5tteid. ALG Liisingu AS hoiab talle edastatud isikuandmeid igasuguse \u00f5igustamatu\n                kasutamise eest. Isikuandmeid kogutakse ulatuses, mis on vajalik lepingute s\u00f5lmimiseks (sh lepingu\n                s\u00f5lmimisele eelnevate toimingute tegemiseks), s\u00f5lmitud lepingute t\u00e4itmiseks ning klientide parimaks\n                teenindamiseks <\/ol>\n            <ol>3.3. ALG Liisingu AS rakendab k\u00f5ike vajalikke turvameetmeid isikuandmete turvaliseks t\u00f6\u00f6tlemiseks ning\n                salvestamiseks. <\/ol>\n            <ol>3.4. ALG Liisingu AS t\u00f6\u00f6tajad ja esindajad omavad asjakohast v\u00e4lja\u00f5pet isikuandmete kaitse valdkonnas,\n                l\u00e4htuvad isikuandmete kaitse p\u00f5him\u00f5tetest ning konfidentsiaalse info saladuses hoidmise kohustustest.\n                Lisaks ALG Liisingu AS t\u00f6\u00f6tajatele ja esindajatele on kliendi isikuandmetele liigip\u00e4\u00e4s ALG Liisingu AS\n                poolt volitatud isikutel sh IT-, raamatupidamis-, turundus- jm tugiteenuste osutajatel, kellele andmete\n                edastamine on vajalik lepingu t\u00e4itmise ja muude kohustuste t\u00e4itmiseks. <\/ol>\n            <ol>3.5. ALG Liisingu AS t\u00f6\u00f6tleb andmeid j\u00e4rgmistel p\u00f5hjustel:\n                <ul>\n                    <ol>3.5.1. kliendi v\u00f5i tema esindaja isikuandmeid, sh nime, isikukoodi, s\u00fcnniaega, kodakondsust,\n                        isikut t\u00f5endava dokumendi andmeid, peamiselt identimiseks; <\/ol>\n                    <ol>3.5.2. kliendi kontaktandmeid, sh telefoninumber, aadress, e-posti aadress, peamiselt kliendile\n                        teabe ja finantsteenuste pakkumiste saatmiseks; <\/ol>\n                    <ol>3.5.3. andmeid kliendi finantsv\u00f5imekuse, varade ja kohustuste, investeerimiseesm\u00e4rkide ja\n                        riskitaluvuse kohta peamiselt kliendile pakutava teenuse sobivuse v\u00f5i asjakohasuse hindamiseks\n                        ning kliendi tegevuse \u00f5igusp\u00e4rasuse ja ALG Liisingu AS n\u00f5uetele vastavuse tuvastamiseks; <\/ol>\n                    <ol>3.5.4. andmeid sissetuleku, vara ja kohustuste, maksek\u00e4itumise, tehingute ja pereliikmete kohta\n                        peamiselt kliendi maksev\u00f5ime tuvastamiseks, tema tarbimisharjumuste uurimiseks ja talle sobivate\n                        teenuste pakkumiseks;<\/ol>\n                    <ol>3.5.5. andmeid kliendi tegevuse ja vara p\u00e4ritolu, sh t\u00f6\u00f6andja, tehingupartnerite ja \u00e4ritegevuse\n                        kohta peamiselt terrorismi rahastamise ja rahapesu t\u00f5kestamiseks. <\/ol>\n                <\/ul>\n            <\/ol>\n            <ol>3.6. Lisaks \u00fclaltoodule ALG Liisingu AS t\u00f6\u00f6tleb kliendi andmeid:\n                <ul>\n                    <ol>3.6.1. kliendi avalduse l\u00e4bivaatamiseks, teenuse v\u00f5imalikkuse hindamiseks ja lepingu s\u00f5lmimise\n                        otsustamiseks; <\/ol>\n                    <ol>3.6.2. s\u00f5lmitud lepingu haldamiseks ja t\u00e4itmiseks, sh lepinguga seotud tehingute ja toimingute\n                        kontrollimiseks, kliendilt kogutud andmete uuendamiseks ja v\u00f5lgade sissen\u00f5udmiseks; <\/ol>\n                    <ol>3.6.3. teenuse kvaliteedi hindamiseks, mis h\u00f5lmab ka kliendik\u00fcsitluste l\u00e4biviimist; <\/ol>\n                    <ol>3.6.4. kliendir\u00fchmade, toodete ja teenuste turuosade ning muude finantsn\u00e4itajate statistiliste\n                        uuringute ja anal\u00fc\u00fcside jaoks, turu-uuringute tegemiseks; <\/ol>\n                    <ol>3.6.5. ALG Liisingu AS teenuste pakkumiseks; kampaaniate l\u00e4biviimiseks ja muu teenuse\n                        pakkumiseks;\n                    <\/ol>\n                    <ol>3.6.6. riskide juhtimiseks ja maandamiseks, aruandluse koostamiseks;<\/ol>\n                    <ol>3.6.7. ALG Liisingu AS usaldatavusn\u00f5uete, sh kapitali- ja likviidsusn\u00f5uete t\u00e4itmiseks; <\/ol>\n                    <ol>3.6.8. seadusega kehtestatud kohustuste t\u00e4itmiseks, sh rahapesu ja terrorismi rahastamise\n                        t\u00f5kestamiseks, riigiasutuste j\u00e4relep\u00e4rimistele vastamiseks, maksudeklaratsioonide esitamiseks;\n                    <\/ol>\n                    <ol>3.6.9. enda \u00f5iguste kaitsmiseks, sh andmete saatmine \u00f5igusn\u00f5ustajale, vaidlusi lahendavale\n                        asutusele, sh vahekohtule, lepitusorganile ja kohtule.<\/ol>\n                <\/ul>\n            <\/ol>\n            <ol>3.7. ALG Liisingu AS v\u00e4ljastab kliendi poolt tema kohta ALG Liisingu AS\u2019le edastatud isikuandmed ainult\n                juhul,\n                kui klient esitab ALG Liisingu AS\u2019le vastavasisulise taotluse andmete \u00fclekandmise \u00f5iguse kasutamiseks\n                v\u00f5i\n                andmete v\u00e4ljastamise kohustus tuleneb seadusest,<\/ol>\n            <ol>3.8. ALG Liisingu AS s\u00e4ilitab isikuandmed oma andmebaasides ning isikul on igal ajal \u00f5igus p\u00f6\u00f6rdudes ALG\n                Liisingu AS poole teada oma isikuandmed, vajadusel n\u00f5uda oma andmetes paranduste v\u00f5i muudatuste\n                tegemist.\n                Kliendil on \u00f5igus teada milliseid tema andmeid millistel eesm\u00e4rkidel ALG Liisingu AS t\u00f6\u00f6tleb. <\/ol>\n            <ol> 3.9. Toodete ja teenuste reklaamikampaania k\u00e4igus v\u00f5ib ALG Liisingu AS kliendile saata pakkumisi.\n                Kliendil on\n                igal ajal \u00f5igus keelduda reklaamipakkumistest, teavitades sellest ALG Liisingu AS. <\/ol>\n            <ol>3.10. Lepingu s\u00f5lmimise otsustamisel ja lepingu kehtivuse ajal kogub ALG Liisingu AS andmeid kliendi\n                kohta nii\n                isikult eneselt kui ka muudest allikatest ehk kliendi avalikke andmeid, samuti riigi v\u00f5i kohaliku\n                omavalitsuse\n                andmekogudest ning kolmandalt isikult saadud andmeid, kui need on kogutud ja edastatud seaduse n\u00f5udeid\n                arvestades.<\/ol>\n            <ol>3.11. ALG Liisingu AS s\u00e4ilitab kliendi isikuandmed kogu lepingu kehtivuse perioodi v\u00e4ltel ja p\u00e4rast\n                lepingu\n                l\u00f5ppemist kuni andmete s\u00e4ilitamine on ALG Liisingu AS\u2019le kohustuslik ( \u00fcldjuhul 7 aastat) v\u00f5i kuni ALG\n                Liisingu\n                AS\u2019l on \u00f5igustatud huvi andmete s\u00e4ilitamiseks (nt v\u00f5imalike n\u00f5uete v\u00f5i \u00f5iguste kaitseks). <\/ol>\n        <\/ul>\n    <\/ol>\n\n    <ol><strong>4. Tingimuste muutmine <\/strong><\/ol>\n<\/ul>\n\n<p>ALG Liisingu AS v\u00f5ib k\u00e4esolevaid kingimusi omal \u00e4ran\u00e4gemisel muuta, avaldades vastava info ALG Liisingu AS\n    veebilehel. Kehtiv dokumendi versioon on alati k\u00e4ttesaadav ALG Liisingu AS veebilehel aadressil <a\n        href=\"https:\/\/alg.ee\/privaatsuspoliitika\/\">https:\/\/alg.ee\/privaatsuspoliitika\/<\/a> <\/p>\n\n<p>K\u00fcsimuste v\u00f5i kaebuste korral v\u00f5tke \u00fchendust : <\/p>\n<p><a href=\"tel:+372 6 686 000\">+372 6 686 000<\/a> <\/p>\n<p><a href=\"mailto:alg@alg.ee\">alg@alg.ee<\/a><\/p>\t\t\t\t\t\t<\/div>\n\t\t\t\t<\/div>\n\t\t\t\t\t<\/div>\n\t\t<\/div>\n\t\t\t\t\t<\/div>\n\t\t<\/section>\n\t\t\t\t<\/div>\n\t\t","protected":false},"excerpt":{"rendered":"<p>Isikuandmete t\u00f6\u00f6tlemise \u00fcldtingimused 1. \u00dclds\u00e4tted K\u00e4esolevad isikuandmete t\u00f6\u00f6tlemise \u00fcldtingimused on kehtestanud ALG Liisingu AS. Klientide parimaks teenindamiseks ja k\u00f5igi lepinguliste suhete korrektse t\u00e4itmiseks kogub ja s\u00e4ilitab ALG Liisingu AS klientide ja ALG Liisingu AS\u2019ga suhtlevate teiste isikute andmed allj\u00e4rgnevate p\u00f5him\u00f5tete j\u00e4rgi. 2. Peamised m\u00f5isted 2.1. \u201eisikuandmed\u201c \u2013 igasugune teave tuvastatud v\u00f5i tuvastatava f\u00fc\u00fcsilise isiku (\u201eandmesubjekti\u201c) &#8230;<\/p>\n","protected":false},"author":1,"featured_media":0,"parent":0,"menu_order":0,"comment_status":"closed","ping_status":"closed","template":"","meta":{"_rtcl_gb_attr":"","footnotes":""},"class_list":["post-21772","page","type-page","status-publish","hentry"],"_links":{"self":[{"href":"https:\/\/alg.ee\/en\/wp-json\/wp\/v2\/pages\/21772"}],"collection":[{"href":"https:\/\/alg.ee\/en\/wp-json\/wp\/v2\/pages"}],"about":[{"href":"https:\/\/alg.ee\/en\/wp-json\/wp\/v2\/types\/page"}],"author":[{"embeddable":true,"href":"https:\/\/alg.ee\/en\/wp-json\/wp\/v2\/users\/1"}],"replies":[{"embeddable":true,"href":"https:\/\/alg.ee\/en\/wp-json\/wp\/v2\/comments?post=21772"}],"version-history":[{"count":0,"href":"https:\/\/alg.ee\/en\/wp-json\/wp\/v2\/pages\/21772\/revisions"}],"wp:attachment":[{"href":"https:\/\/alg.ee\/en\/wp-json\/wp\/v2\/media?parent=21772"}],"curies":[{"name":"wp","href":"https:\/\/api.w.org\/{rel}","templated":true}]}}